{"id":5161,"date":"2023-05-16T23:59:48","date_gmt":"2023-05-16T22:59:48","guid":{"rendered":"http:\/\/triton-hydrogen.com\/?page_id=5161"},"modified":"2023-12-12T09:20:11","modified_gmt":"2023-12-12T09:20:11","slug":"terms","status":"publish","type":"page","link":"https:\/\/triton-hydrogen.com\/da\/vilkar\/","title":{"rendered":"Vilk\u00e5r"},"content":{"rendered":"<div data-elementor-type=\"wp-page\" data-elementor-id=\"5161\" class=\"elementor elementor-5161\">\n\t\t\t\t\t\t<section class=\"elementor-section elementor-top-section elementor-element elementor-element-2d2e754 elementor-section-boxed elementor-section-height-default elementor-section-height-default\" data-id=\"2d2e754\" data-element_type=\"section\">\n\t\t\t\t\t\t<div class=\"elementor-container elementor-column-gap-default\">\n\t\t\t\t\t<div class=\"elementor-column elementor-col-100 elementor-top-column elementor-element elementor-element-60a143d\" data-id=\"60a143d\" data-element_type=\"column\">\n\t\t\t<div class=\"elementor-widget-wrap elementor-element-populated\">\n\t\t\t\t\t\t<div class=\"elementor-element elementor-element-55bc94f elementor-widget elementor-widget-text-editor\" data-id=\"55bc94f\" data-element_type=\"widget\" data-widget_type=\"text-editor.default\">\n\t\t\t\t<div class=\"elementor-widget-container\">\n\t\t\t\t\t\t\t\t\t<p>Disse vilk\u00e5r og betingelser beskriver regler og bestemmelser for brugen af Triton Hydrogen Ltd's hjemmeside, der ligger p\u00e5 triton-hydrogen.com.<\/p><p>Ved at g\u00e5 ind p\u00e5 denne hjemmeside antager vi, at du accepterer disse vilk\u00e5r og betingelser. Forts\u00e6t ikke med at bruge Triton Hydrogen, hvis du ikke accepterer alle de vilk\u00e5r og betingelser, der er angivet p\u00e5 denne side.<\/p><h4>Sm\u00e5kager:<\/h4><p>Hjemmesiden bruger cookies til at hj\u00e6lpe med at personligg\u00f8re din online oplevelse. N\u00e5r du bes\u00f8ger Triton Hydrogen, accepterer du at bruge de n\u00f8dvendige cookies.<\/p><p>En cookie er en tekstfil, der placeres p\u00e5 din harddisk af en websideserver. Cookies kan ikke bruges til at k\u00f8re programmer eller levere virus til din computer. Cookies er entydigt tildelt dig og kan kun l\u00e6ses af en webserver i det dom\u00e6ne, der udstedte cookien til dig.<\/p><p>Vi kan bruge cookies til at indsamle, gemme og spore oplysninger til statistiske eller markedsf\u00f8ringsm\u00e6ssige form\u00e5l for at drive vores hjemmeside. Du har mulighed for at acceptere eller afvise valgfrie cookies. Der er nogle p\u00e5kr\u00e6vede cookies, som er n\u00f8dvendige for driften af vores hjemmeside. Disse cookies kr\u00e6ver ikke dit samtykke, da de altid fungerer. Husk, at ved at acceptere p\u00e5kr\u00e6vede cookies accepterer du ogs\u00e5 tredjepartscookies, som kan bruges via tjenester leveret af tredjeparter, hvis du bruger s\u00e5danne tjenester p\u00e5 vores hjemmeside, for eksempel et videovindue leveret af tredjeparter og integreret i vores hjemmeside.<\/p><h4>Licens:<\/h4><p>Medmindre andet er angivet, ejer Triton Hydrogen Ltd og\/eller dets licensgivere de intellektuelle ejendomsrettigheder til alt materiale p\u00e5 Triton Hydrogen. Alle intellektuelle ejendomsrettigheder er forbeholdt. Du kan f\u00e5 adgang til dette fra Triton Hydrogen til din egen personlige brug underlagt de begr\u00e6nsninger, der er fastsat i disse vilk\u00e5r og betingelser.<\/p><p>Det m\u00e5 du ikke:<\/p><ul><li>Kopi\u00e9r eller genudgiv materiale fra Triton Hydrogen<\/li><li>S\u00e6lge, udleje eller underlicensere materiale fra Triton Hydrogen.<\/li><li>Reproducere, duplikere eller kopiere materiale fra Triton Hydrogen.<\/li><li>Videredistribuer indhold fra Triton Hydrogen<\/li><\/ul><p>Denne aftale tr\u00e6der i kraft p\u00e5 datoen herfor.<\/p><p>Dele af denne hjemmeside giver brugerne mulighed for at skrive og udveksle meninger og oplysninger p\u00e5 visse omr\u00e5der af hjemmesiden. Triton Hydrogen Ltd filtrerer, redigerer, offentligg\u00f8r eller gennemg\u00e5r ikke kommentarer, f\u00f8r de vises p\u00e5 hjemmesiden. Kommentarer afspejler ikke synspunkter og meninger hos Triton Hydrogen Ltd, dets agenter og\/eller tilknyttede selskaber. Kommentarer afspejler synspunkter og meninger hos den person, der poster deres synspunkter og meninger. I det omfang det er tilladt i henhold til g\u00e6ldende lovgivning, er Triton Hydrogen Ltd ikke ansvarlig for kommentarerne eller noget ansvar, skader eller udgifter, der er for\u00e5rsaget og\/eller lidt som f\u00f8lge af enhver brug af og\/eller offentligg\u00f8relse af og\/eller optr\u00e6den af kommentarerne p\u00e5 dette websted.<\/p><p>Triton Hydrogen Ltd forbeholder sig ret til at overv\u00e5ge alle kommentarer og fjerne alle kommentarer, der kan betragtes som upassende, st\u00f8dende eller for\u00e5rsager brud p\u00e5 disse vilk\u00e5r og betingelser.<\/p><p>Du garanterer og erkl\u00e6rer, at:<\/p><ul><li>Du har ret til at poste kommentarerne p\u00e5 vores hjemmeside og har alle n\u00f8dvendige licenser og tilladelser til at g\u00f8re det;<\/li><li>Kommentarerne kr\u00e6nker ikke nogen intellektuel ejendomsret, herunder uden begr\u00e6nsning ophavsret, patent eller varem\u00e6rke tilh\u00f8rende nogen tredjepart;<\/li><li>Kommentarerne indeholder ikke noget \u00e6rekr\u00e6nkende, injurierende, st\u00f8dende, uanst\u00e6ndigt eller p\u00e5 anden m\u00e5de ulovligt materiale, som er en kr\u00e6nkelse af privatlivets fred.<\/li><li>Kommentarerne vil ikke blive brugt til at anmode om eller promovere forretning eller skik eller pr\u00e6sentere kommercielle aktiviteter eller ulovlig aktivitet.<\/li><\/ul><p>Du giver hermed Triton Hydrogen Ltd en ikke-eksklusiv licens til at bruge, gengive, redigere og give andre tilladelse til at bruge, gengive og redigere alle dine kommentarer i alle former, formater eller medier.<\/p><h4>Hyperlink til vores indhold:<\/h4><p>F\u00f8lgende organisationer kan linke til vores hjemmeside uden forudg\u00e5ende skriftlig godkendelse:<\/p><ul><li>Offentlige myndigheder;<\/li><li>S\u00f8gemaskiner;<\/li><li>Nyhedsorganisationer;<\/li><li>Online katalogdistribut\u00f8rer kan linke til vores hjemmeside p\u00e5 samme m\u00e5de, som de hyperlinker til hjemmesiderne for andre opf\u00f8rte virksomheder; og<\/li><li>Systemd\u00e6kkende akkrediterede virksomheder med undtagelse af velg\u00f8rende non-profit organisationer, velg\u00f8renhedsindk\u00f8bscentre og velg\u00f8renhedsindsamlingsgrupper, som ikke m\u00e5 hyperlinke til vores hjemmeside.<\/li><\/ul><p>Disse organisationer kan linke til vores hjemmeside, til publikationer eller til andre oplysninger p\u00e5 hjemmesiden, s\u00e5 l\u00e6nge linket: (a) ikke p\u00e5 nogen m\u00e5de er vildledende; (b) ikke fejlagtigt antyder sponsorering, st\u00f8tte eller godkendelse af den linkende part og dennes produkter og\/eller tjenester; og (c) passer ind i sammenh\u00e6ngen p\u00e5 den linkende parts side.<\/p><p>Vi kan overveje og godkende andre anmodninger om links fra f\u00f8lgende typer af organisationer:<\/p><ul><li>almindeligt kendte forbruger- og\/eller forretningsinformationskilder;<\/li><li>dot.com-f\u00e6llesskabssider;<\/li><li>foreninger eller andre grupper, der repr\u00e6senterer velg\u00f8renhedsorganisationer;<\/li><li>distribut\u00f8rer af online kataloger;<\/li><li>internetportaler;<\/li><li>revisions-, advokat- og konsulentfirmaer; og<\/li><li>uddannelsesinstitutioner og brancheorganisationer.<\/li><\/ul><p>Vi vil godkende linkanmodninger fra disse organisationer, hvis vi beslutter, at: (a) linket ikke vil f\u00e5 os til at se d\u00e5rligt ud for os selv eller for vores akkrediterede virksomheder; (b) organisationen ikke har nogen negativ fortid hos os; (c) fordelen for os ved synligheden af hyperlinket kompenserer for frav\u00e6ret af Triton Hydrogen Ltd; og (d) linket er i forbindelse med generel ressourceinformation.<\/p><p>Disse organisationer kan linke til vores hjemmeside, s\u00e5 l\u00e6nge linket: (a) ikke p\u00e5 nogen m\u00e5de er vildledende; (b) ikke fejlagtigt antyder sponsorering, st\u00f8tte eller godkendelse af den linkende part og dennes produkter eller tjenester; og (c) passer ind i sammenh\u00e6ngen p\u00e5 den linkende parts side.<\/p><p>Hvis du er en af de organisationer, der er anf\u00f8rt i punkt 2 ovenfor, og er interesseret i at linke til vores websted, skal du informere os ved at sende en <a href=\"mailto:support@triton-hydrogen.com\">e-mail til Triton Hydrogen Ltd<\/a>. Angiv venligst dit navn, din organisations navn, kontaktoplysninger samt URL'en p\u00e5 dit websted, en liste over eventuelle URL'er, hvorfra du har til hensigt at linke til vores websted, og en liste over de URL'er p\u00e5 vores websted, som du gerne vil linke til. Vent 2-3 uger p\u00e5 et svar.<\/p><p>Godkendte organisationer kan hyperlinke til vores hjemmeside p\u00e5 f\u00f8lgende m\u00e5de:<\/p><ul><li>Ved brug af vores firmanavn; eller<\/li><li>Ved brug af den ensartede ressourcelokator, der linkes til; eller<\/li><li>Brug af enhver anden beskrivelse af vores websted, der linkes til, som giver mening inden for konteksten og formatet af indholdet p\u00e5 den linkende parts websted.<\/li><\/ul><p>Ingen brug af Triton Hydrogen Ltd's logo eller andre illustrationer vil blive tilladt til linking uden en varem\u00e6rkelicensaftale.<\/p><h4>Ansvar for indhold:<\/h4><p>Vi kan ikke holdes ansvarlige for noget indhold, der vises p\u00e5 din hjemmeside. Du accepterer at beskytte og forsvare os mod alle krav, der rejses p\u00e5 din hjemmeside. Der m\u00e5 ikke vises link(s) p\u00e5 nogen hjemmeside, der kan fortolkes som injurierende, uanst\u00e6ndig eller kriminel, eller som kr\u00e6nker, p\u00e5 anden m\u00e5de overtr\u00e6der eller opfordrer til kr\u00e6nkelse eller anden overtr\u00e6delse af tredjeparts rettigheder.<\/p><h4>Forbehold af rettigheder:<\/h4><p>Vi forbeholder os ret til at anmode dig om at fjerne alle links eller et bestemt link til vores hjemmeside. Du accepterer, at du straks skal fjerne alle links til vores hjemmeside efter anmodning. Vi forbeholder os ogs\u00e5 ret til at \u00e6ndre disse vilk\u00e5r og betingelser og vores linkpolitik til enhver tid. Ved l\u00f8bende at linke til vores hjemmeside accepterer du at v\u00e6re bundet af og f\u00f8lge disse vilk\u00e5r og betingelser.<\/p><h4>Fjernelse af links fra vores hjemmeside:<\/h4><p>Hvis du finder et link p\u00e5 vores hjemmeside, der af en eller anden grund er st\u00f8dende, er du velkommen til at kontakte og informere os n\u00e5r som helst. Vi vil overveje anmodninger om at fjerne links, men vi er ikke forpligtede til det eller til at svare dig direkte.<\/p><h4>Ansvarsfraskrivelse:<\/h4><p>I det omfang g\u00e6ldende lov tillader det, udelukker vi alle erkl\u00e6ringer, garantier og betingelser i forbindelse med vores websted og brugen af dette websted. Intet i denne ansvarsfraskrivelse vil:<\/p><ul><li>begr\u00e6nse eller udelukke vores eller dit ansvar for d\u00f8d eller personskade;<\/li><li>begr\u00e6nse eller udelukke vores eller dit ansvar for bedrageri eller svigagtig vildledning;<\/li><li>begr\u00e6nse noget af vores eller dit ansvar p\u00e5 nogen m\u00e5de, der ikke er tilladt i henhold til g\u00e6ldende lovgivning; eller<\/li><li>udelukke nogen af vores eller dine forpligtelser, som ikke kan udelukkes i henhold til g\u00e6ldende lov.<\/li><\/ul><p>De ansvarsbegr\u00e6nsninger og -forbud, der er angivet i dette afsnit og andre steder i denne ansvarsfraskrivelse: (a) er underlagt det foreg\u00e5ende afsnit; og (b) regulerer alle forpligtelser, der opst\u00e5r i henhold til ansvarsfraskrivelsen, herunder forpligtelser, der opst\u00e5r i kontrakt, i erstatning og for brud p\u00e5 lovbestemt pligt.<\/p><p>Oplysninger om virksomheden:<\/p><p class=\"elementToProof\">Triton Hydrogen Ltd \u00a0<\/p><p>Firmanummer: 13979747\u00a0<\/p><p>Momsnummer: 442427410\u00a0<\/p><p class=\"elementToProof\">Registreret kontoradresse: 22 Towcester Road Old Stratford, Milton Keynes, England, MK1 6AQ<\/p>\t\t\t\t\t\t\t\t<\/div>\n\t\t\t\t<\/div>\n\t\t\t\t\t<\/div>\n\t\t<\/div>\n\t\t\t\t\t<\/div>\n\t\t<\/section>\n\t\t\t\t<\/div>","protected":false},"excerpt":{"rendered":"<p>Disse vilk\u00e5r og betingelser beskriver regler og bestemmelser for brugen af Triton Hydrogen Ltd's websted, der ligger p\u00e5 triton-hydrogen.com. Ved at g\u00e5 ind p\u00e5 denne hjemmeside antager vi, at du accepterer disse vilk\u00e5r og betingelser. Forts\u00e6t ikke med at bruge Triton Hydrogen, hvis...<\/p>","protected":false},"author":1,"featured_media":0,"parent":0,"menu_order":0,"comment_status":"closed","ping_status":"closed","template":"","meta":{"footnotes":""},"class_list":["post-5161","page","type-page","status-publish","hentry"],"rankMath":{"parentDomain":"triton-hydrogen.com","noFollowDomains":[],"noFollowExcludeDomains":[],"noFollowExternalLinks":false,"featuredImageNotice":"Det udvalgt billede skal v\u00e6re mindst 200 x 200 px, for at Facebook og andre sociale medier bruger billede.","pluginReviewed":false,"postSettings":{"linkSuggestions":true,"useFocusKeyword":false},"frontEndScore":false,"postName":"terms","permalinkFormat":"https:\/\/triton-hydrogen.com\/da\/%pagename%\/","showLockModifiedDate":true,"assessor":{"focusKeywordLink":"https:\/\/triton-hydrogen.com\/wp-admin\/edit.php?focus_keyword=%focus_keyword%&post_type=%post_type%","hasTOCPlugin":false,"primaryTaxonomy":false,"serpData":{"title":"","description":"","focusKeywords":"Terms","pillarContent":false,"canonicalUrl":"","breadcrumbTitle":"","advancedRobots":[],"facebookTitle":"","facebookDescription":"","facebookImage":"","facebookImageID":"","facebookHasOverlay":false,"facebookImageOverlay":"","facebookAuthor":"","twitterCardType":"","twitterUseFacebook":true,"twitterTitle":"","twitterDescription":"","twitterImage":"","twitterImageID":"","twitterHasOverlay":false,"twitterImageOverlay":"","twitterPlayerUrl":"","twitterPlayerSize":"","twitterPlayerStream":"","twitterPlayerStreamCtype":"","twitterAppDescription":"","twitterAppIphoneName":"","twitterAppIphoneID":"","twitterAppIphoneUrl":"","twitterAppIpadName":"","twitterAppIpadID":"","twitterAppIpadUrl":"","twitterAppGoogleplayName":"","twitterAppGoogleplayID":"","twitterAppGoogleplayUrl":"","twitterAppCountry":"","robots":{"index":true},"twitterAuthor":"brugernavn","primaryTerm":0,"authorName":"Triton Hydrogen","titleTemplate":"%title% %sep% %sitename%","descriptionTemplate":"%excerpt%","showScoreFrontend":true,"lockModifiedDate":false},"powerWords":[],"diacritics":{"A":"[\\u0041\\u24B6\\uFF21\\u00C0\\u00C1\\u00C2\\u1EA6\\u1EA4\\u1EAA\\u1EA8\\u00C3\\u0100\\u0102\\u1EB0\\u1EAE\\u1EB4\\u1EB2\\u0226\\u01E0\\u00C4\\u01DE\\u1EA2\\u00C5\\u01FA\\u01CD\\u0200\\u0202\\u1EA0\\u1EAC\\u1EB6\\u1E00\\u0104\\u023A\\u2C6F]","AA":"[\\uA732]","AE":"[\\u00C6\\u01FC\\u01E2]","AO":"[\\uA734]","AU":"[\\uA736]","AV":"[\\uA738\\uA73A]","AY":"[\\uA73C]","B":"[\\u0042\\u24B7\\uFF22\\u1E02\\u1E04\\u1E06\\u0243\\u0182\\u0181]","C":"[\\u0043\\u24B8\\uFF23\\u0106\\u0108\\u010A\\u010C\\u00C7\\u1E08\\u0187\\u023B\\uA73E]","D":"[\\u0044\\u24B9\\uFF24\\u1E0A\\u010E\\u1E0C\\u1E10\\u1E12\\u1E0E\\u0110\\u018B\\u018A\\u0189\\uA779]","DZ":"[\\u01F1\\u01C4]","Dz":"[\\u01F2\\u01C5]","E":"[\\u0045\\u24BA\\uFF25\\u00C8\\u00C9\\u00CA\\u1EC0\\u1EBE\\u1EC4\\u1EC2\\u1EBC\\u0112\\u1E14\\u1E16\\u0114\\u0116\\u00CB\\u1EBA\\u011A\\u0204\\u0206\\u1EB8\\u1EC6\\u0228\\u1E1C\\u0118\\u1E18\\u1E1A\\u0190\\u018E]","F":"[\\u0046\\u24BB\\uFF26\\u1E1E\\u0191\\uA77B]","G":"[\\u0047\\u24BC\\uFF27\\u01F4\\u011C\\u1E20\\u011E\\u0120\\u01E6\\u0122\\u01E4\\u0193\\uA7A0\\uA77D\\uA77E]","H":"[\\u0048\\u24BD\\uFF28\\u0124\\u1E22\\u1E26\\u021E\\u1E24\\u1E28\\u1E2A\\u0126\\u2C67\\u2C75\\uA78D]","I":"[\\u0049\\u24BE\\uFF29\\u00CC\\u00CD\\u00CE\\u0128\\u012A\\u012C\\u0130\\u00CF\\u1E2E\\u1EC8\\u01CF\\u0208\\u020A\\u1ECA\\u012E\\u1E2C\\u0197]","J":"[\\u004A\\u24BF\\uFF2A\\u0134\\u0248]","K":"[\\u004B\\u24C0\\uFF2B\\u1E30\\u01E8\\u1E32\\u0136\\u1E34\\u0198\\u2C69\\uA740\\uA742\\uA744\\uA7A2]","L":"[\\u004C\\u24C1\\uFF2C\\u013F\\u0139\\u013D\\u1E36\\u1E38\\u013B\\u1E3C\\u1E3A\\u0141\\u023D\\u2C62\\u2C60\\uA748\\uA746\\uA780]","LJ":"[\\u01C7]","Lj":"[\\u01C8]","M":"[\\u004D\\u24C2\\uFF2D\\u1E3E\\u1E40\\u1E42\\u2C6E\\u019C]","N":"[\\u004E\\u24C3\\uFF2E\\u01F8\\u0143\\u00D1\\u1E44\\u0147\\u1E46\\u0145\\u1E4A\\u1E48\\u0220\\u019D\\uA790\\uA7A4]","NJ":"[\\u01CA]","Nj":"[\\u01CB]","O":"[\\u004F\\u24C4\\uFF2F\\u00D2\\u00D3\\u00D4\\u1ED2\\u1ED0\\u1ED6\\u1ED4\\u00D5\\u1E4C\\u022C\\u1E4E\\u014C\\u1E50\\u1E52\\u014E\\u022E\\u0230\\u00D6\\u022A\\u1ECE\\u0150\\u01D1\\u020C\\u020E\\u01A0\\u1EDC\\u1EDA\\u1EE0\\u1EDE\\u1EE2\\u1ECC\\u1ED8\\u01EA\\u01EC\\u00D8\\u01FE\\u0186\\u019F\\uA74A\\uA74C]","OI":"[\\u01A2]","OO":"[\\uA74E]","OU":"[\\u0222]","P":"[\\u0050\\u24C5\\uFF30\\u1E54\\u1E56\\u01A4\\u2C63\\uA750\\uA752\\uA754]","Q":"[\\u0051\\u24C6\\uFF31\\uA756\\uA758\\u024A]","R":"[\\u0052\\u24C7\\uFF32\\u0154\\u1E58\\u0158\\u0210\\u0212\\u1E5A\\u1E5C\\u0156\\u1E5E\\u024C\\u2C64\\uA75A\\uA7A6\\uA782]","S":"[\\u0053\\u24C8\\uFF33\\u1E9E\\u015A\\u1E64\\u015C\\u1E60\\u0160\\u1E66\\u1E62\\u1E68\\u0218\\u015E\\u2C7E\\uA7A8\\uA784]","T":"[\\u0054\\u24C9\\uFF34\\u1E6A\\u0164\\u1E6C\\u021A\\u0162\\u1E70\\u1E6E\\u0166\\u01AC\\u01AE\\u023E\\uA786]","TZ":"[\\uA728]","U":"[\\u0055\\u24CA\\uFF35\\u00D9\\u00DA\\u00DB\\u0168\\u1E78\\u016A\\u1E7A\\u016C\\u00DC\\u01DB\\u01D7\\u01D5\\u01D9\\u1EE6\\u016E\\u0170\\u01D3\\u0214\\u0216\\u01AF\\u1EEA\\u1EE8\\u1EEE\\u1EEC\\u1EF0\\u1EE4\\u1E72\\u0172\\u1E76\\u1E74\\u0244]","V":"[\\u0056\\u24CB\\uFF36\\u1E7C\\u1E7E\\u01B2\\uA75E\\u0245]","VY":"[\\uA760]","W":"[\\u0057\\u24CC\\uFF37\\u1E80\\u1E82\\u0174\\u1E86\\u1E84\\u1E88\\u2C72]","X":"[\\u0058\\u24CD\\uFF38\\u1E8A\\u1E8C]","Y":"[\\u0059\\u24CE\\uFF39\\u1EF2\\u00DD\\u0176\\u1EF8\\u0232\\u1E8E\\u0178\\u1EF6\\u1EF4\\u01B3\\u024E\\u1EFE]","Z":"[\\u005A\\u24CF\\uFF3A\\u0179\\u1E90\\u017B\\u017D\\u1E92\\u1E94\\u01B5\\u0224\\u2C7F\\u2C6B\\uA762]","a":"[\\u0061\\u24D0\\uFF41\\u1E9A\\u00E0\\u00E1\\u00E2\\u1EA7\\u1EA5\\u1EAB\\u1EA9\\u00E3\\u0101\\u0103\\u1EB1\\u1EAF\\u1EB5\\u1EB3\\u0227\\u01E1\\u00E4\\u01DF\\u1EA3\\u00E5\\u01FB\\u01CE\\u0201\\u0203\\u1EA1\\u1EAD\\u1EB7\\u1E01\\u0105\\u2C65\\u0250]","aa":"[\\uA733]","ae":"[\\u00E6\\u01FD\\u01E3]","ao":"[\\uA735]","au":"[\\uA737]","av":"[\\uA739\\uA73B]","ay":"[\\uA73D]","b":"[\\u0062\\u24D1\\uFF42\\u1E03\\u1E05\\u1E07\\u0180\\u0183\\u0253]","c":"[\\u0063\\u24D2\\uFF43\\u0107\\u0109\\u010B\\u010D\\u00E7\\u1E09\\u0188\\u023C\\uA73F\\u2184]","d":"[\\u0064\\u24D3\\uFF44\\u1E0B\\u010F\\u1E0D\\u1E11\\u1E13\\u1E0F\\u0111\\u018C\\u0256\\u0257\\uA77A]","dz":"[\\u01F3\\u01C6]","e":"[\\u0065\\u24D4\\uFF45\\u00E8\\u00E9\\u00EA\\u1EC1\\u1EBF\\u1EC5\\u1EC3\\u1EBD\\u0113\\u1E15\\u1E17\\u0115\\u0117\\u00EB\\u1EBB\\u011B\\u0205\\u0207\\u1EB9\\u1EC7\\u0229\\u1E1D\\u0119\\u1E19\\u1E1B\\u0247\\u025B\\u01DD]","f":"[\\u0066\\u24D5\\uFF46\\u1E1F\\u0192\\uA77C]","g":"[\\u0067\\u24D6\\uFF47\\u01F5\\u011D\\u1E21\\u011F\\u0121\\u01E7\\u0123\\u01E5\\u0260\\uA7A1\\u1D79\\uA77F]","h":"[\\u0068\\u24D7\\uFF48\\u0125\\u1E23\\u1E27\\u021F\\u1E25\\u1E29\\u1E2B\\u1E96\\u0127\\u2C68\\u2C76\\u0265]","hv":"[\\u0195]","i":"[\\u0069\\u24D8\\uFF49\\u00EC\\u00ED\\u00EE\\u0129\\u012B\\u012D\\u00EF\\u1E2F\\u1EC9\\u01D0\\u0209\\u020B\\u1ECB\\u012F\\u1E2D\\u0268\\u0131]","j":"[\\u006A\\u24D9\\uFF4A\\u0135\\u01F0\\u0249]","k":"[\\u006B\\u24DA\\uFF4B\\u1E31\\u01E9\\u1E33\\u0137\\u1E35\\u0199\\u2C6A\\uA741\\uA743\\uA745\\uA7A3]","l":"[\\u006C\\u24DB\\uFF4C\\u0140\\u013A\\u013E\\u1E37\\u1E39\\u013C\\u1E3D\\u1E3B\\u017F\\u0142\\u019A\\u026B\\u2C61\\uA749\\uA781\\uA747]","lj":"[\\u01C9]","m":"[\\u006D\\u24DC\\uFF4D\\u1E3F\\u1E41\\u1E43\\u0271\\u026F]","n":"[\\u006E\\u24DD\\uFF4E\\u01F9\\u0144\\u00F1\\u1E45\\u0148\\u1E47\\u0146\\u1E4B\\u1E49\\u019E\\u0272\\u0149\\uA791\\uA7A5]","nj":"[\\u01CC]","o":"[\\u006F\\u24DE\\uFF4F\\u00F2\\u00F3\\u00F4\\u1ED3\\u1ED1\\u1ED7\\u1ED5\\u00F5\\u1E4D\\u022D\\u1E4F\\u014D\\u1E51\\u1E53\\u014F\\u022F\\u0231\\u00F6\\u022B\\u1ECF\\u0151\\u01D2\\u020D\\u020F\\u01A1\\u1EDD\\u1EDB\\u1EE1\\u1EDF\\u1EE3\\u1ECD\\u1ED9\\u01EB\\u01ED\\u00F8\\u01FF\\u0254\\uA74B\\uA74D\\u0275]","oi":"[\\u01A3]","ou":"[\\u0223]","oo":"[\\uA74F]","p":"[\\u0070\\u24DF\\uFF50\\u1E55\\u1E57\\u01A5\\u1D7D\\uA751\\uA753\\uA755]","q":"[\\u0071\\u24E0\\uFF51\\u024B\\uA757\\uA759]","r":"[\\u0072\\u24E1\\uFF52\\u0155\\u1E59\\u0159\\u0211\\u0213\\u1E5B\\u1E5D\\u0157\\u1E5F\\u024D\\u027D\\uA75B\\uA7A7\\uA783]","s":"[\\u0073\\u24E2\\uFF53\\u015B\\u1E65\\u015D\\u1E61\\u0161\\u1E67\\u1E63\\u1E69\\u0219\\u015F\\u023F\\uA7A9\\uA785\\u1E9B]","ss":"[\\u00DF]","t":"[\\u0074\\u24E3\\uFF54\\u1E6B\\u1E97\\u0165\\u1E6D\\u021B\\u0163\\u1E71\\u1E6F\\u0167\\u01AD\\u0288\\u2C66\\uA787]","tz":"[\\uA729]","u":"[\\u0075\\u24E4\\uFF55\\u00F9\\u00FA\\u00FB\\u0169\\u1E79\\u016B\\u1E7B\\u016D\\u00FC\\u01DC\\u01D8\\u01D6\\u01DA\\u1EE7\\u016F\\u0171\\u01D4\\u0215\\u0217\\u01B0\\u1EEB\\u1EE9\\u1EEF\\u1EED\\u1EF1\\u1EE5\\u1E73\\u0173\\u1E77\\u1E75\\u0289]","v":"[\\u0076\\u24E5\\uFF56\\u1E7D\\u1E7F\\u028B\\uA75F\\u028C]","vy":"[\\uA761]","w":"[\\u0077\\u24E6\\uFF57\\u1E81\\u1E83\\u0175\\u1E87\\u1E85\\u1E98\\u1E89\\u2C73]","x":"[\\u0078\\u24E7\\uFF58\\u1E8B\\u1E8D]","y":"[\\u0079\\u24E8\\uFF59\\u1EF3\\u00FD\\u0177\\u1EF9\\u0233\\u1E8F\\u00FF\\u1EF7\\u1E99\\u1EF5\\u01B4\\u024F\\u1EFF]","z":"[\\u007A\\u24E9\\uFF5A\\u017A\\u1E91\\u017C\\u017E\\u1E93\\u1E95\\u01B6\\u0225\\u0240\\u2C6C\\uA763]"},"researchesTests":["contentHasTOC","contentHasShortParagraphs","contentHasAssets","keywordInTitle","keywordInMetaDescription","keywordInPermalink","keywordIn10Percent","keywordInContent","keywordInSubheadings","keywordInImageAlt","keywordDensity","keywordNotUsed","lengthContent","lengthPermalink","linksHasInternal","linksHasExternals","linksNotAllExternals","titleStartWithKeyword","titleSentiment","titleHasPowerWords","titleHasNumber","hasContentAI"],"hasRedirection":false,"hasBreadcrumb":false},"homeUrl":"https:\/\/triton-hydrogen.com\/da","objectID":5161,"objectType":"post","locale":"da","localeFull":"da_DK","overlayImages":{"play":{"name":"Afspil ikon","url":"https:\/\/triton-hydrogen.com\/wp-content\/plugins\/seo-by-rank-math\/assets\/admin\/img\/icon-play.png","path":"\/www\/tritonhydrogencom_704\/public\/wp-content\/plugins\/seo-by-rank-math\/assets\/admin\/img\/icon-play.png","position":"middle_center"},"gif":{"name":"GIF ikon","url":"https:\/\/triton-hydrogen.com\/wp-content\/plugins\/seo-by-rank-math\/assets\/admin\/img\/icon-gif.png","path":"\/www\/tritonhydrogencom_704\/public\/wp-content\/plugins\/seo-by-rank-math\/assets\/admin\/img\/icon-gif.png","position":"middle_center"}},"defautOgImage":"https:\/\/triton-hydrogen.com\/wp-content\/plugins\/seo-by-rank-math\/assets\/admin\/img\/social-placeholder.jpg","customPermalinks":true,"isUserRegistered":false,"autoSuggestKeywords":false,"connectSiteUrl":"https:\/\/rankmath.com\/auth?site=https%3A%2F%2Ftriton-hydrogen.com%2Fda&r=https%3A%2F%2Ftriton-hydrogen.com%2Fda%2Fwp-json%2Fwp%2Fv2%2Fpages%2F5161%3Fnonce%3D1dcab6053f","maxTags":5,"trendsIcon":"<svg viewBox=\"0 0 610 610\"><path d=\"M18.85,446,174.32,290.48l58.08,58.08L76.93,504a14.54,14.54,0,0,1-20.55,0L18.83,466.48a14.54,14.54,0,0,1,0-20.55Z\" style=\"fill:#4285f4\"\/><path d=\"M242.65,242.66,377.59,377.6l-47.75,47.75a14.54,14.54,0,0,1-20.55,0L174.37,290.43l47.75-47.75A14.52,14.52,0,0,1,242.65,242.66Z\" style=\"fill:#ea4335\"\/><polygon points=\"319.53 319.53 479.26 159.8 537.34 217.88 377.61 377.62 319.53 319.53\" style=\"fill:#fabb05\"\/><path d=\"M594.26,262.73V118.61h0a16.94,16.94,0,0,0-16.94-16.94H433.2a16.94,16.94,0,0,0-12,28.92L565.34,274.71h0a16.94,16.94,0,0,0,28.92-12Z\" style=\"fill:#34a853\"\/><rect width=\"610\" height=\"610\" style=\"fill:none\"\/><\/svg>","showScore":true,"siteFavIcon":"https:\/\/triton-hydrogen.com\/wp-content\/uploads\/2023\/05\/T_Logo_fav-75x75.png","canUser":{"general":false,"advanced":false,"snippet":false,"social":false,"analysis":false,"analytics":false,"content_ai":false},"isPro":false,"is_front_page":false,"trendsUpgradeLink":"https:\/\/rankmath.com\/pricing\/?utm_source=Plugin&utm_medium=CE%20General%20Tab%20Trends&utm_campaign=WP","trendsUpgradeLabel":"Opgrader","trendsPreviewImage":"https:\/\/triton-hydrogen.com\/wp-content\/plugins\/seo-by-rank-math\/assets\/admin\/img\/trends-preview.jpg","currentEditor":false,"homepageData":{"assessor":{"powerWords":[],"diacritics":true,"researchesTests":["contentHasTOC","contentHasShortParagraphs","contentHasAssets","keywordInTitle","keywordInMetaDescription","keywordInPermalink","keywordIn10Percent","keywordInContent","keywordInSubheadings","keywordInImageAlt","keywordDensity","keywordNotUsed","lengthContent","lengthPermalink","linksHasInternal","linksHasExternals","linksNotAllExternals","titleStartWithKeyword","titleSentiment","titleHasPowerWords","titleHasNumber","hasContentAI"],"hasBreadcrumb":false,"serpData":{"title":"%sitename% %page% %sep% %sitedesc%","description":"","titleTemplate":"%sitename% %page% %sep% %sitedesc%","descriptionTemplate":"","focusKeywords":"","breadcrumbTitle":"Home","robots":{"index":true},"advancedRobots":[],"facebookTitle":"","facebookDescription":"","facebookImage":"","facebookImageID":""}}},"tocTitle":"Table of Contents","tocExcludeHeadings":[],"listStyle":"ul"},"_links":{"self":[{"href":"https:\/\/triton-hydrogen.com\/da\/wp-json\/wp\/v2\/pages\/5161","targetHints":{"allow":["GET"]}}],"collection":[{"href":"https:\/\/triton-hydrogen.com\/da\/wp-json\/wp\/v2\/pages"}],"about":[{"href":"https:\/\/triton-hydrogen.com\/da\/wp-json\/wp\/v2\/types\/page"}],"author":[{"embeddable":true,"href":"https:\/\/triton-hydrogen.com\/da\/wp-json\/wp\/v2\/users\/1"}],"replies":[{"embeddable":true,"href":"https:\/\/triton-hydrogen.com\/da\/wp-json\/wp\/v2\/comments?post=5161"}],"version-history":[{"count":13,"href":"https:\/\/triton-hydrogen.com\/da\/wp-json\/wp\/v2\/pages\/5161\/revisions"}],"predecessor-version":[{"id":26294,"href":"https:\/\/triton-hydrogen.com\/da\/wp-json\/wp\/v2\/pages\/5161\/revisions\/26294"}],"wp:attachment":[{"href":"https:\/\/triton-hydrogen.com\/da\/wp-json\/wp\/v2\/media?parent=5161"}],"curies":[{"name":"wp","href":"https:\/\/api.w.org\/{rel}","templated":true}]}}