{"id":11031,"date":"2023-10-31T12:24:07","date_gmt":"2023-10-31T12:24:07","guid":{"rendered":"http:\/\/triton-hydrogen.com\/?page_id=11031"},"modified":"2023-10-31T12:31:07","modified_gmt":"2023-10-31T12:31:07","slug":"cookies","status":"publish","type":"page","link":"https:\/\/triton-hydrogen.com\/pl\/ciasteczka\/","title":{"rendered":"Cookies"},"content":{"rendered":"<div data-elementor-type=\"wp-page\" data-elementor-id=\"11031\" class=\"elementor elementor-11031\">\n\t\t\t\t\t\t<section class=\"elementor-section elementor-top-section elementor-element elementor-element-781d458 elementor-section-boxed elementor-section-height-default elementor-section-height-default\" data-id=\"781d458\" data-element_type=\"section\">\n\t\t\t\t\t\t<div class=\"elementor-container elementor-column-gap-default\">\n\t\t\t\t\t<div class=\"elementor-column elementor-col-100 elementor-top-column elementor-element elementor-element-2f2e1c3\" data-id=\"2f2e1c3\" data-element_type=\"column\">\n\t\t\t<div class=\"elementor-widget-wrap elementor-element-populated\">\n\t\t\t\t\t\t<div class=\"elementor-element elementor-element-4edfe39 elementor-widget elementor-widget-text-editor\" data-id=\"4edfe39\" data-element_type=\"widget\" data-widget_type=\"text-editor.default\">\n\t\t\t\t<div class=\"elementor-widget-container\">\n\t\t\t\t\t\t\t\t\t<p><strong>Czym s\u0105 pliki cookie?<\/strong><\/p><p>Podobnie jak w przypadku prawie wszystkich profesjonalnych witryn internetowych, ta witryna korzysta z plik\u00f3w cookie, kt\u00f3re s\u0105 ma\u0142ymi plikami pobieranymi na komputer u\u017cytkownika w celu poprawy komfortu u\u017cytkowania. Na tej stronie opisano, jakie informacje s\u0105 gromadzone, w jaki spos\u00f3b je wykorzystujemy i dlaczego czasami musimy przechowywa\u0107 te pliki cookie. Udost\u0119pnimy r\u00f3wnie\u017c spos\u00f3b, w jaki mo\u017cna zapobiec przechowywaniu tych plik\u00f3w cookie, jednak mo\u017ce to obni\u017cy\u0107 lub \"zepsu\u0107\" niekt\u00f3re elementy funkcjonalno\u015bci witryny.<\/p><p><strong>Jak wykorzystujemy pliki cookie<\/strong><\/p><p>U\u017cywamy plik\u00f3w cookie z r\u00f3\u017cnych powod\u00f3w opisanych poni\u017cej. Niestety w wi\u0119kszo\u015bci przypadk\u00f3w nie ma standardowych opcji wy\u0142\u0105czenia plik\u00f3w cookie bez ca\u0142kowitego wy\u0142\u0105czenia funkcjonalno\u015bci i funkcji tej witryny. Zaleca si\u0119 pozostawienie wszystkich plik\u00f3w cookie, je\u015bli nie masz pewno\u015bci, czy ich potrzebujesz, czy nie, w przypadku, gdy s\u0105 one u\u017cywane do \u015bwiadczenia us\u0142ug, z kt\u00f3rych korzystasz.<\/p><p><strong>Wy\u0142\u0105czanie plik\u00f3w cookie<\/strong><\/p><p>U\u017cytkownik mo\u017ce zapobiec ustawianiu plik\u00f3w cookie, dostosowuj\u0105c ustawienia przegl\u0105darki (aby dowiedzie\u0107 si\u0119, jak to zrobi\u0107, zapoznaj si\u0119 z pomoc\u0105 przegl\u0105darki). Nale\u017cy pami\u0119ta\u0107, \u017ce wy\u0142\u0105czenie plik\u00f3w cookie wp\u0142ynie na funkcjonalno\u015b\u0107 tej i wielu innych odwiedzanych witryn internetowych. Wy\u0142\u0105czenie plik\u00f3w cookie zwykle powoduje r\u00f3wnie\u017c wy\u0142\u0105czenie niekt\u00f3rych funkcji i funkcji tej witryny. Dlatego zaleca si\u0119, aby nie wy\u0142\u0105cza\u0107 plik\u00f3w cookie.<\/p><p><strong>Ustawiane przez nas pliki cookie<\/strong><\/p><ul><li>Pliki cookie zwi\u0105zane z kontem<p>Je\u015bli utworzysz u nas konto, b\u0119dziemy u\u017cywa\u0107 plik\u00f3w cookie do zarz\u0105dzania procesem rejestracji i og\u00f3ln\u0105 administracj\u0105. Te pliki cookie s\u0105 zazwyczaj usuwane po wylogowaniu, jednak w niekt\u00f3rych przypadkach mog\u0105 pozosta\u0107, aby zapami\u0119ta\u0107 preferencje witryny po wylogowaniu.<\/p><\/li><li>Pliki cookie zwi\u0105zane z logowaniem<p>U\u017cywamy plik\u00f3w cookie, gdy u\u017cytkownik jest zalogowany, aby\u015bmy mogli zapami\u0119ta\u0107 ten fakt. Zapobiega to konieczno\u015bci logowania si\u0119 za ka\u017cdym razem, gdy odwiedzasz now\u0105 stron\u0119. Te pliki cookie s\u0105 zazwyczaj usuwane lub czyszczone po wylogowaniu, aby zapewni\u0107 dost\u0119p do zastrze\u017conych funkcji i obszar\u00f3w tylko po zalogowaniu.<\/p><\/li><li>Pliki cookie zwi\u0105zane z biuletynami e-mail<p>Ta witryna oferuje us\u0142ugi subskrypcji biuletynu lub wiadomo\u015bci e-mail, a pliki cookie mog\u0105 by\u0107 u\u017cywane do zapami\u0119tywania, czy u\u017cytkownik jest ju\u017c zarejestrowany i czy wy\u015bwietla\u0107 okre\u015blone powiadomienia, kt\u00f3re mog\u0105 by\u0107 wa\u017cne tylko dla subskrybowanych\/nie subskrybowanych u\u017cytkownik\u00f3w.<\/p><\/li><li>Pliki cookie zwi\u0105zane z ankietami<p>Od czasu do czasu oferujemy ankiety i kwestionariusze dla u\u017cytkownik\u00f3w, aby zapewni\u0107 interesuj\u0105ce spostrze\u017cenia, pomocne narz\u0119dzia lub dok\u0142adniej zrozumie\u0107 nasz\u0105 baz\u0119 u\u017cytkownik\u00f3w. Ankiety te mog\u0105 wykorzystywa\u0107 pliki cookie w celu zapami\u0119tania, kto ju\u017c wzi\u0105\u0142 udzia\u0142 w ankiecie lub w celu zapewnienia dok\u0142adnych wynik\u00f3w po zmianie strony.<\/p><\/li><li>Pliki cookie zwi\u0105zane z formularzami<p>Gdy u\u017cytkownik przesy\u0142a dane za po\u015brednictwem formularza, takiego jak te znajduj\u0105ce si\u0119 na stronach kontaktowych lub formularzach komentarzy, pliki cookie mog\u0105 zosta\u0107 ustawione w celu zapami\u0119tania danych u\u017cytkownika na potrzeby przysz\u0142ej korespondencji.<\/p><\/li><li>Pliki cookie preferencji witryny<p>Aby zapewni\u0107 u\u017cytkownikom jak najlepsze wra\u017cenia z korzystania z tej witryny, udost\u0119pniamy funkcj\u0119 ustawiania preferencji dotycz\u0105cych sposobu dzia\u0142ania tej witryny podczas korzystania z niej. Aby zapami\u0119ta\u0107 preferencje u\u017cytkownika, musimy ustawi\u0107 pliki cookie, aby informacje te mog\u0142y by\u0107 wywo\u0142ywane za ka\u017cdym razem, gdy u\u017cytkownik wchodzi w interakcj\u0119 ze stron\u0105, na kt\u00f3r\u0105 maj\u0105 wp\u0142yw jego preferencje.<\/p><\/li><\/ul><p><strong>Pliki cookie stron trzecich<\/strong><\/p><p>W niekt\u00f3rych szczeg\u00f3lnych przypadkach korzystamy r\u00f3wnie\u017c z plik\u00f3w cookie dostarczanych przez zaufane strony trzecie. Poni\u017csza sekcja zawiera szczeg\u00f3\u0142owe informacje na temat plik\u00f3w cookie stron trzecich, kt\u00f3re mo\u017cna napotka\u0107 za po\u015brednictwem tej witryny.<\/p><ul><li>Ta witryna korzysta z Google Analytics, kt\u00f3re jest jednym z najbardziej rozpowszechnionych i zaufanych rozwi\u0105za\u0144 analitycznych w Internecie, pomagaj\u0105cym nam zrozumie\u0107, w jaki spos\u00f3b korzystasz z witryny i w jaki spos\u00f3b mo\u017cemy poprawi\u0107 Twoje wra\u017cenia. Te pliki cookie mog\u0105 \u015bledzi\u0107 takie rzeczy, jak czas sp\u0119dzony w witrynie i odwiedzane strony, dzi\u0119ki czemu mo\u017cemy nadal tworzy\u0107 interesuj\u0105ce tre\u015bci.<p>Wi\u0119cej informacji na temat plik\u00f3w cookie Google Analytics mo\u017cna znale\u017a\u0107 na oficjalnej stronie Google Analytics.<\/p><\/li><li>Od czasu do czasu testujemy nowe funkcje i wprowadzamy subtelne zmiany w sposobie dostarczania witryny. Kiedy nadal testujemy nowe funkcje, te pliki cookie mog\u0105 by\u0107 u\u017cywane w celu zapewnienia sp\u00f3jnego do\u015bwiadczenia podczas korzystania z witryny, jednocze\u015bnie zapewniaj\u0105c, \u017ce rozumiemy, kt\u00f3re optymalizacje nasi u\u017cytkownicy doceniaj\u0105 najbardziej.<\/li><li>Poniewa\u017c sprzedajemy produkty, wa\u017cne jest dla nas zrozumienie statystyk dotycz\u0105cych tego, ilu odwiedzaj\u0105cych nasz\u0105 witryn\u0119 faktycznie dokonuje zakupu, a zatem jest to rodzaj danych, kt\u00f3re te pliki cookie b\u0119d\u0105 \u015bledzi\u0107. Jest to wa\u017cne dla u\u017cytkownika, poniewa\u017c oznacza to, \u017ce mo\u017cemy dok\u0142adnie prognozowa\u0107 biznes, co pozwala nam monitorowa\u0107 nasze koszty reklamy i produkt\u00f3w, aby zapewni\u0107 najlepsz\u0105 mo\u017cliw\u0105 cen\u0119.<\/li><\/ul><p><strong>Wi\u0119cej informacji<\/strong><\/p><p>Je\u015bli chcesz uzyska\u0107 wi\u0119cej informacji, mo\u017cesz skontaktowa\u0107 si\u0119 z nami za pomoc\u0105 jednej z naszych preferowanych metod kontaktu:<\/p><ul><li>E-mail: support@triton-hydrogen.com<\/li><li>Odwiedzaj\u0105c ten link: <a href=\"https:\/\/triton-hydrogen.com\/pl\/kontakt\/\">triton-hydrogen.com\/contact<\/a><\/li><li><a href=\"\/pl\/tel 448000126775\/\">Dzwoni\u0105c pod ten numer: (+44)8000126775<\/a><\/li><\/ul>\t\t\t\t\t\t\t\t<\/div>\n\t\t\t\t<\/div>\n\t\t\t\t\t<\/div>\n\t\t<\/div>\n\t\t\t\t\t<\/div>\n\t\t<\/section>\n\t\t\t\t<\/div>","protected":false},"excerpt":{"rendered":"<p>What Are Cookies? As is common practice with almost all professional websites this site uses cookies, which are tiny files that are downloaded to your computer, to improve your experience. This page describes what information they gather, how we use&#8230;<\/p>","protected":false},"author":1,"featured_media":0,"parent":0,"menu_order":0,"comment_status":"closed","ping_status":"closed","template":"","meta":{"footnotes":""},"class_list":["post-11031","page","type-page","status-publish","hentry"],"rankMath":{"parentDomain":"triton-hydrogen.com","noFollowDomains":[],"noFollowExcludeDomains":[],"noFollowExternalLinks":false,"featuredImageNotice":"Prezentowany obraz powinien mie\u0107 co najmniej 200 na 200 pikseli, aby m\u00f3g\u0142 go pobra\u0107 Facebook i inne serwisy spo\u0142eczno\u015bciowe.","pluginReviewed":false,"postSettings":{"linkSuggestions":true,"useFocusKeyword":false},"frontEndScore":false,"postName":"cookies","permalinkFormat":"https:\/\/triton-hydrogen.com\/pl\/%pagename%\/","showLockModifiedDate":true,"assessor":{"focusKeywordLink":"https:\/\/triton-hydrogen.com\/wp-admin\/edit.php?focus_keyword=%focus_keyword%&post_type=%post_type%","hasTOCPlugin":false,"primaryTaxonomy":false,"serpData":{"title":"","description":"","focusKeywords":"","pillarContent":false,"canonicalUrl":"","breadcrumbTitle":"","advancedRobots":[],"facebookTitle":"","facebookDescription":"","facebookImage":"","facebookImageID":"","facebookHasOverlay":false,"facebookImageOverlay":"","facebookAuthor":"","twitterCardType":"","twitterUseFacebook":true,"twitterTitle":"","twitterDescription":"","twitterImage":"","twitterImageID":"","twitterHasOverlay":false,"twitterImageOverlay":"","twitterPlayerUrl":"","twitterPlayerSize":"","twitterPlayerStream":"","twitterPlayerStreamCtype":"","twitterAppDescription":"","twitterAppIphoneName":"","twitterAppIphoneID":"","twitterAppIphoneUrl":"","twitterAppIpadName":"","twitterAppIpadID":"","twitterAppIpadUrl":"","twitterAppGoogleplayName":"","twitterAppGoogleplayID":"","twitterAppGoogleplayUrl":"","twitterAppCountry":"","robots":{"index":true},"twitterAuthor":"u\u017cytkownik","primaryTerm":0,"authorName":"Triton Hydrogen","titleTemplate":"%title% %sep% %sitename%","descriptionTemplate":"%excerpt%","showScoreFrontend":true,"lockModifiedDate":false},"powerWords":[],"diacritics":{"A":"[\\u0041\\u24B6\\uFF21\\u00C0\\u00C1\\u00C2\\u1EA6\\u1EA4\\u1EAA\\u1EA8\\u00C3\\u0100\\u0102\\u1EB0\\u1EAE\\u1EB4\\u1EB2\\u0226\\u01E0\\u00C4\\u01DE\\u1EA2\\u00C5\\u01FA\\u01CD\\u0200\\u0202\\u1EA0\\u1EAC\\u1EB6\\u1E00\\u0104\\u023A\\u2C6F]","AA":"[\\uA732]","AE":"[\\u00C6\\u01FC\\u01E2]","AO":"[\\uA734]","AU":"[\\uA736]","AV":"[\\uA738\\uA73A]","AY":"[\\uA73C]","B":"[\\u0042\\u24B7\\uFF22\\u1E02\\u1E04\\u1E06\\u0243\\u0182\\u0181]","C":"[\\u0043\\u24B8\\uFF23\\u0106\\u0108\\u010A\\u010C\\u00C7\\u1E08\\u0187\\u023B\\uA73E]","D":"[\\u0044\\u24B9\\uFF24\\u1E0A\\u010E\\u1E0C\\u1E10\\u1E12\\u1E0E\\u0110\\u018B\\u018A\\u0189\\uA779]","DZ":"[\\u01F1\\u01C4]","Dz":"[\\u01F2\\u01C5]","E":"[\\u0045\\u24BA\\uFF25\\u00C8\\u00C9\\u00CA\\u1EC0\\u1EBE\\u1EC4\\u1EC2\\u1EBC\\u0112\\u1E14\\u1E16\\u0114\\u0116\\u00CB\\u1EBA\\u011A\\u0204\\u0206\\u1EB8\\u1EC6\\u0228\\u1E1C\\u0118\\u1E18\\u1E1A\\u0190\\u018E]","F":"[\\u0046\\u24BB\\uFF26\\u1E1E\\u0191\\uA77B]","G":"[\\u0047\\u24BC\\uFF27\\u01F4\\u011C\\u1E20\\u011E\\u0120\\u01E6\\u0122\\u01E4\\u0193\\uA7A0\\uA77D\\uA77E]","H":"[\\u0048\\u24BD\\uFF28\\u0124\\u1E22\\u1E26\\u021E\\u1E24\\u1E28\\u1E2A\\u0126\\u2C67\\u2C75\\uA78D]","I":"[\\u0049\\u24BE\\uFF29\\u00CC\\u00CD\\u00CE\\u0128\\u012A\\u012C\\u0130\\u00CF\\u1E2E\\u1EC8\\u01CF\\u0208\\u020A\\u1ECA\\u012E\\u1E2C\\u0197]","J":"[\\u004A\\u24BF\\uFF2A\\u0134\\u0248]","K":"[\\u004B\\u24C0\\uFF2B\\u1E30\\u01E8\\u1E32\\u0136\\u1E34\\u0198\\u2C69\\uA740\\uA742\\uA744\\uA7A2]","L":"[\\u004C\\u24C1\\uFF2C\\u013F\\u0139\\u013D\\u1E36\\u1E38\\u013B\\u1E3C\\u1E3A\\u0141\\u023D\\u2C62\\u2C60\\uA748\\uA746\\uA780]","LJ":"[\\u01C7]","Lj":"[\\u01C8]","M":"[\\u004D\\u24C2\\uFF2D\\u1E3E\\u1E40\\u1E42\\u2C6E\\u019C]","N":"[\\u004E\\u24C3\\uFF2E\\u01F8\\u0143\\u00D1\\u1E44\\u0147\\u1E46\\u0145\\u1E4A\\u1E48\\u0220\\u019D\\uA790\\uA7A4]","NJ":"[\\u01CA]","Nj":"[\\u01CB]","O":"[\\u004F\\u24C4\\uFF2F\\u00D2\\u00D3\\u00D4\\u1ED2\\u1ED0\\u1ED6\\u1ED4\\u00D5\\u1E4C\\u022C\\u1E4E\\u014C\\u1E50\\u1E52\\u014E\\u022E\\u0230\\u00D6\\u022A\\u1ECE\\u0150\\u01D1\\u020C\\u020E\\u01A0\\u1EDC\\u1EDA\\u1EE0\\u1EDE\\u1EE2\\u1ECC\\u1ED8\\u01EA\\u01EC\\u00D8\\u01FE\\u0186\\u019F\\uA74A\\uA74C]","OI":"[\\u01A2]","OO":"[\\uA74E]","OU":"[\\u0222]","P":"[\\u0050\\u24C5\\uFF30\\u1E54\\u1E56\\u01A4\\u2C63\\uA750\\uA752\\uA754]","Q":"[\\u0051\\u24C6\\uFF31\\uA756\\uA758\\u024A]","R":"[\\u0052\\u24C7\\uFF32\\u0154\\u1E58\\u0158\\u0210\\u0212\\u1E5A\\u1E5C\\u0156\\u1E5E\\u024C\\u2C64\\uA75A\\uA7A6\\uA782]","S":"[\\u0053\\u24C8\\uFF33\\u1E9E\\u015A\\u1E64\\u015C\\u1E60\\u0160\\u1E66\\u1E62\\u1E68\\u0218\\u015E\\u2C7E\\uA7A8\\uA784]","T":"[\\u0054\\u24C9\\uFF34\\u1E6A\\u0164\\u1E6C\\u021A\\u0162\\u1E70\\u1E6E\\u0166\\u01AC\\u01AE\\u023E\\uA786]","TZ":"[\\uA728]","U":"[\\u0055\\u24CA\\uFF35\\u00D9\\u00DA\\u00DB\\u0168\\u1E78\\u016A\\u1E7A\\u016C\\u00DC\\u01DB\\u01D7\\u01D5\\u01D9\\u1EE6\\u016E\\u0170\\u01D3\\u0214\\u0216\\u01AF\\u1EEA\\u1EE8\\u1EEE\\u1EEC\\u1EF0\\u1EE4\\u1E72\\u0172\\u1E76\\u1E74\\u0244]","V":"[\\u0056\\u24CB\\uFF36\\u1E7C\\u1E7E\\u01B2\\uA75E\\u0245]","VY":"[\\uA760]","W":"[\\u0057\\u24CC\\uFF37\\u1E80\\u1E82\\u0174\\u1E86\\u1E84\\u1E88\\u2C72]","X":"[\\u0058\\u24CD\\uFF38\\u1E8A\\u1E8C]","Y":"[\\u0059\\u24CE\\uFF39\\u1EF2\\u00DD\\u0176\\u1EF8\\u0232\\u1E8E\\u0178\\u1EF6\\u1EF4\\u01B3\\u024E\\u1EFE]","Z":"[\\u005A\\u24CF\\uFF3A\\u0179\\u1E90\\u017B\\u017D\\u1E92\\u1E94\\u01B5\\u0224\\u2C7F\\u2C6B\\uA762]","a":"[\\u0061\\u24D0\\uFF41\\u1E9A\\u00E0\\u00E1\\u00E2\\u1EA7\\u1EA5\\u1EAB\\u1EA9\\u00E3\\u0101\\u0103\\u1EB1\\u1EAF\\u1EB5\\u1EB3\\u0227\\u01E1\\u00E4\\u01DF\\u1EA3\\u00E5\\u01FB\\u01CE\\u0201\\u0203\\u1EA1\\u1EAD\\u1EB7\\u1E01\\u0105\\u2C65\\u0250]","aa":"[\\uA733]","ae":"[\\u00E6\\u01FD\\u01E3]","ao":"[\\uA735]","au":"[\\uA737]","av":"[\\uA739\\uA73B]","ay":"[\\uA73D]","b":"[\\u0062\\u24D1\\uFF42\\u1E03\\u1E05\\u1E07\\u0180\\u0183\\u0253]","c":"[\\u0063\\u24D2\\uFF43\\u0107\\u0109\\u010B\\u010D\\u00E7\\u1E09\\u0188\\u023C\\uA73F\\u2184]","d":"[\\u0064\\u24D3\\uFF44\\u1E0B\\u010F\\u1E0D\\u1E11\\u1E13\\u1E0F\\u0111\\u018C\\u0256\\u0257\\uA77A]","dz":"[\\u01F3\\u01C6]","e":"[\\u0065\\u24D4\\uFF45\\u00E8\\u00E9\\u00EA\\u1EC1\\u1EBF\\u1EC5\\u1EC3\\u1EBD\\u0113\\u1E15\\u1E17\\u0115\\u0117\\u00EB\\u1EBB\\u011B\\u0205\\u0207\\u1EB9\\u1EC7\\u0229\\u1E1D\\u0119\\u1E19\\u1E1B\\u0247\\u025B\\u01DD]","f":"[\\u0066\\u24D5\\uFF46\\u1E1F\\u0192\\uA77C]","g":"[\\u0067\\u24D6\\uFF47\\u01F5\\u011D\\u1E21\\u011F\\u0121\\u01E7\\u0123\\u01E5\\u0260\\uA7A1\\u1D79\\uA77F]","h":"[\\u0068\\u24D7\\uFF48\\u0125\\u1E23\\u1E27\\u021F\\u1E25\\u1E29\\u1E2B\\u1E96\\u0127\\u2C68\\u2C76\\u0265]","hv":"[\\u0195]","i":"[\\u0069\\u24D8\\uFF49\\u00EC\\u00ED\\u00EE\\u0129\\u012B\\u012D\\u00EF\\u1E2F\\u1EC9\\u01D0\\u0209\\u020B\\u1ECB\\u012F\\u1E2D\\u0268\\u0131]","j":"[\\u006A\\u24D9\\uFF4A\\u0135\\u01F0\\u0249]","k":"[\\u006B\\u24DA\\uFF4B\\u1E31\\u01E9\\u1E33\\u0137\\u1E35\\u0199\\u2C6A\\uA741\\uA743\\uA745\\uA7A3]","l":"[\\u006C\\u24DB\\uFF4C\\u0140\\u013A\\u013E\\u1E37\\u1E39\\u013C\\u1E3D\\u1E3B\\u017F\\u0142\\u019A\\u026B\\u2C61\\uA749\\uA781\\uA747]","lj":"[\\u01C9]","m":"[\\u006D\\u24DC\\uFF4D\\u1E3F\\u1E41\\u1E43\\u0271\\u026F]","n":"[\\u006E\\u24DD\\uFF4E\\u01F9\\u0144\\u00F1\\u1E45\\u0148\\u1E47\\u0146\\u1E4B\\u1E49\\u019E\\u0272\\u0149\\uA791\\uA7A5]","nj":"[\\u01CC]","o":"[\\u006F\\u24DE\\uFF4F\\u00F2\\u00F3\\u00F4\\u1ED3\\u1ED1\\u1ED7\\u1ED5\\u00F5\\u1E4D\\u022D\\u1E4F\\u014D\\u1E51\\u1E53\\u014F\\u022F\\u0231\\u00F6\\u022B\\u1ECF\\u0151\\u01D2\\u020D\\u020F\\u01A1\\u1EDD\\u1EDB\\u1EE1\\u1EDF\\u1EE3\\u1ECD\\u1ED9\\u01EB\\u01ED\\u00F8\\u01FF\\u0254\\uA74B\\uA74D\\u0275]","oi":"[\\u01A3]","ou":"[\\u0223]","oo":"[\\uA74F]","p":"[\\u0070\\u24DF\\uFF50\\u1E55\\u1E57\\u01A5\\u1D7D\\uA751\\uA753\\uA755]","q":"[\\u0071\\u24E0\\uFF51\\u024B\\uA757\\uA759]","r":"[\\u0072\\u24E1\\uFF52\\u0155\\u1E59\\u0159\\u0211\\u0213\\u1E5B\\u1E5D\\u0157\\u1E5F\\u024D\\u027D\\uA75B\\uA7A7\\uA783]","s":"[\\u0073\\u24E2\\uFF53\\u015B\\u1E65\\u015D\\u1E61\\u0161\\u1E67\\u1E63\\u1E69\\u0219\\u015F\\u023F\\uA7A9\\uA785\\u1E9B]","ss":"[\\u00DF]","t":"[\\u0074\\u24E3\\uFF54\\u1E6B\\u1E97\\u0165\\u1E6D\\u021B\\u0163\\u1E71\\u1E6F\\u0167\\u01AD\\u0288\\u2C66\\uA787]","tz":"[\\uA729]","u":"[\\u0075\\u24E4\\uFF55\\u00F9\\u00FA\\u00FB\\u0169\\u1E79\\u016B\\u1E7B\\u016D\\u00FC\\u01DC\\u01D8\\u01D6\\u01DA\\u1EE7\\u016F\\u0171\\u01D4\\u0215\\u0217\\u01B0\\u1EEB\\u1EE9\\u1EEF\\u1EED\\u1EF1\\u1EE5\\u1E73\\u0173\\u1E77\\u1E75\\u0289]","v":"[\\u0076\\u24E5\\uFF56\\u1E7D\\u1E7F\\u028B\\uA75F\\u028C]","vy":"[\\uA761]","w":"[\\u0077\\u24E6\\uFF57\\u1E81\\u1E83\\u0175\\u1E87\\u1E85\\u1E98\\u1E89\\u2C73]","x":"[\\u0078\\u24E7\\uFF58\\u1E8B\\u1E8D]","y":"[\\u0079\\u24E8\\uFF59\\u1EF3\\u00FD\\u0177\\u1EF9\\u0233\\u1E8F\\u00FF\\u1EF7\\u1E99\\u1EF5\\u01B4\\u024F\\u1EFF]","z":"[\\u007A\\u24E9\\uFF5A\\u017A\\u1E91\\u017C\\u017E\\u1E93\\u1E95\\u01B6\\u0225\\u0240\\u2C6C\\uA763]"},"researchesTests":["contentHasTOC","contentHasShortParagraphs","contentHasAssets","keywordInTitle","keywordInMetaDescription","keywordInPermalink","keywordIn10Percent","keywordInContent","keywordInSubheadings","keywordInImageAlt","keywordDensity","keywordNotUsed","lengthContent","lengthPermalink","linksHasInternal","linksHasExternals","linksNotAllExternals","titleStartWithKeyword","titleSentiment","titleHasPowerWords","titleHasNumber","hasContentAI"],"hasRedirection":false,"hasBreadcrumb":false},"homeUrl":"https:\/\/triton-hydrogen.com\/pl","objectID":11031,"objectType":"post","locale":"pl","localeFull":"pl_PL","overlayImages":{"play":{"name":"Ikona PLAY","url":"https:\/\/triton-hydrogen.com\/wp-content\/plugins\/seo-by-rank-math\/assets\/admin\/img\/icon-play.png","path":"\/www\/tritonhydrogencom_704\/public\/wp-content\/plugins\/seo-by-rank-math\/assets\/admin\/img\/icon-play.png","position":"middle_center"},"gif":{"name":"Ikona GIF","url":"https:\/\/triton-hydrogen.com\/wp-content\/plugins\/seo-by-rank-math\/assets\/admin\/img\/icon-gif.png","path":"\/www\/tritonhydrogencom_704\/public\/wp-content\/plugins\/seo-by-rank-math\/assets\/admin\/img\/icon-gif.png","position":"middle_center"}},"defautOgImage":"https:\/\/triton-hydrogen.com\/wp-content\/plugins\/seo-by-rank-math\/assets\/admin\/img\/social-placeholder.jpg","customPermalinks":true,"isUserRegistered":false,"autoSuggestKeywords":false,"connectSiteUrl":"https:\/\/rankmath.com\/auth?site=https%3A%2F%2Ftriton-hydrogen.com%2Fpl&r=https%3A%2F%2Ftriton-hydrogen.com%2Fpl%2Fwp-json%2Fwp%2Fv2%2Fpages%2F11031%3Fnonce%3D8822a2fcbb","maxTags":5,"trendsIcon":"<svg viewBox=\"0 0 610 610\"><path d=\"M18.85,446,174.32,290.48l58.08,58.08L76.93,504a14.54,14.54,0,0,1-20.55,0L18.83,466.48a14.54,14.54,0,0,1,0-20.55Z\" style=\"fill:#4285f4\"\/><path d=\"M242.65,242.66,377.59,377.6l-47.75,47.75a14.54,14.54,0,0,1-20.55,0L174.37,290.43l47.75-47.75A14.52,14.52,0,0,1,242.65,242.66Z\" style=\"fill:#ea4335\"\/><polygon points=\"319.53 319.53 479.26 159.8 537.34 217.88 377.61 377.62 319.53 319.53\" style=\"fill:#fabb05\"\/><path d=\"M594.26,262.73V118.61h0a16.94,16.94,0,0,0-16.94-16.94H433.2a16.94,16.94,0,0,0-12,28.92L565.34,274.71h0a16.94,16.94,0,0,0,28.92-12Z\" style=\"fill:#34a853\"\/><rect width=\"610\" height=\"610\" style=\"fill:none\"\/><\/svg>","showScore":true,"siteFavIcon":"https:\/\/triton-hydrogen.com\/wp-content\/uploads\/2023\/05\/T_Logo_fav-75x75.png","canUser":{"general":false,"advanced":false,"snippet":false,"social":false,"analysis":false,"analytics":false,"content_ai":false},"isPro":false,"is_front_page":false,"trendsUpgradeLink":"https:\/\/rankmath.com\/pricing\/?utm_source=Plugin&utm_medium=CE%20General%20Tab%20Trends&utm_campaign=WP","trendsUpgradeLabel":"Ulepszenie","trendsPreviewImage":"https:\/\/triton-hydrogen.com\/wp-content\/plugins\/seo-by-rank-math\/assets\/admin\/img\/trends-preview.jpg","currentEditor":false,"homepageData":{"assessor":{"powerWords":[],"diacritics":true,"researchesTests":["contentHasTOC","contentHasShortParagraphs","contentHasAssets","keywordInTitle","keywordInMetaDescription","keywordInPermalink","keywordIn10Percent","keywordInContent","keywordInSubheadings","keywordInImageAlt","keywordDensity","keywordNotUsed","lengthContent","lengthPermalink","linksHasInternal","linksHasExternals","linksNotAllExternals","titleStartWithKeyword","titleSentiment","titleHasPowerWords","titleHasNumber","hasContentAI"],"hasBreadcrumb":false,"serpData":{"title":"%sitename% %page% %sep% %sitedesc%","description":"","titleTemplate":"%sitename% %page% %sep% %sitedesc%","descriptionTemplate":"","focusKeywords":"","breadcrumbTitle":"Home","robots":{"index":true},"advancedRobots":[],"facebookTitle":"","facebookDescription":"","facebookImage":"","facebookImageID":""}}},"tocTitle":"Table of Contents","tocExcludeHeadings":[],"listStyle":"ul"},"_links":{"self":[{"href":"https:\/\/triton-hydrogen.com\/pl\/wp-json\/wp\/v2\/pages\/11031","targetHints":{"allow":["GET"]}}],"collection":[{"href":"https:\/\/triton-hydrogen.com\/pl\/wp-json\/wp\/v2\/pages"}],"about":[{"href":"https:\/\/triton-hydrogen.com\/pl\/wp-json\/wp\/v2\/types\/page"}],"author":[{"embeddable":true,"href":"https:\/\/triton-hydrogen.com\/pl\/wp-json\/wp\/v2\/users\/1"}],"replies":[{"embeddable":true,"href":"https:\/\/triton-hydrogen.com\/pl\/wp-json\/wp\/v2\/comments?post=11031"}],"version-history":[{"count":7,"href":"https:\/\/triton-hydrogen.com\/pl\/wp-json\/wp\/v2\/pages\/11031\/revisions"}],"predecessor-version":[{"id":11041,"href":"https:\/\/triton-hydrogen.com\/pl\/wp-json\/wp\/v2\/pages\/11031\/revisions\/11041"}],"wp:attachment":[{"href":"https:\/\/triton-hydrogen.com\/pl\/wp-json\/wp\/v2\/media?parent=11031"}],"curies":[{"name":"wp","href":"https:\/\/api.w.org\/{rel}","templated":true}]}}